{"id":435,"date":"2024-10-30T01:07:03","date_gmt":"2024-10-30T01:07:03","guid":{"rendered":"https:\/\/dev1.pirireis.edu.tr\/en\/?page_id=435"},"modified":"2026-01-09T11:03:58","modified_gmt":"2026-01-09T11:03:58","slug":"undergraduate-and-associate-degree-academic-calendar","status":"publish","type":"page","link":"https:\/\/pirireis.edu.tr\/en\/student\/academic-calendar\/undergraduate-and-associate-degree-academic-calendar\/","title":{"rendered":"Undergraduate and Associate Degree Academic Calendar"},"content":{"rendered":"<figure class=\"wp-block-table\">\n<style>\n.pru-table{<br \/>\n    width:100%;<br \/>\n    border-collapse:collapse;<br \/>\n    font-family:Arial, Helvetica, sans-serif;<br \/>\n    font-size:14px;<span data-mce-type=\"bookmark\" style=\"display: inline-block; width: 0px; overflow: hidden; line-height: 0;\" class=\"mce_SELRES_start\">\ufeff<\/span><br \/>\n}<br \/>\n.pru-table td{<br \/>\n    border:1px solid #ccc;<br \/>\n    padding:8px 10px;<br \/>\n    line-height:1.4;<br \/>\n}<br \/>\n.pru-table tr:nth-child(even){<br \/>\n    background:#f4f7fb;<br \/>\n}<br \/>\n.pru-title{<br \/>\n    background:#003366;<br \/>\n    color:#fff;<br \/>\n    font-weight:bold;<br \/>\n    text-align:center;<br \/>\n}<br \/>\n.pru-subtitle{<br \/>\n    background:#e8eef5;<br \/>\n    font-weight:bold;<br \/>\n    text-align:center;<br \/>\n}<br \/>\n<\/style>\n<table class=\"pru-table\">\n<tbody>\n<tr class=\"pru-title\">\n<td>P\u0130R\u0130 RE\u0130S UNIVERSITY<\/td>\n<\/tr>\n<tr class=\"pru-subtitle\">\n<td>2024-2025 ACADEMIC YEAR<\/td>\n<\/tr>\n<tr class=\"pru-subtitle\">\n<td>ACADEMIC CALENDAR FOR ASSOCIATE AND UNDERGRADUATE EDUCATION<\/td>\n<\/tr>\n<tr>\n<td>Foreign Student Application \u2013 Evaluation \u2013 Final Registration Date 24 February \u2013 30 September 2025<\/td>\n<\/tr>\n<tr>\n<td>Fall Semester Transfer Application Date 04\u201315 August 2025<\/td>\n<\/tr>\n<tr>\n<td>Fall Semester Transfer Evaluation Date 18\u201322 August 2025<\/td>\n<\/tr>\n<tr>\n<td>Fall Semester Transfer Result Announcement Date 25 August 2025<\/td>\n<\/tr>\n<tr>\n<td>Fall Semester Transfer Final Registration Date 26\u201329 August 2025<\/td>\n<\/tr>\n<tr>\n<td>Electronic Registration (E-Registration) of New Students \u2013 To be announced by \u00d6SYM<\/td>\n<\/tr>\n<tr>\n<td>Registration-Acceptance Period of New Students \u2013 To be announced by \u00d6SYM<\/td>\n<\/tr>\n<tr>\n<td>Deadline for Sending Courses to be Opened in the Fall Semester to the Education Planning Coordination Unit by Academic Units \u2013 15 August 2025<\/td>\n<\/tr>\n<tr>\n<td>Double Major \u2013 Minor Application Date 01\u201305 September 2025<\/td>\n<\/tr>\n<tr>\n<td>Tuition Payment Plan and Registration Renewal for Current Students (Fall Semester) 01\u201312 September 2025<\/td>\n<\/tr>\n<tr>\n<td>Double Major \u2013 Minor Evaluation Date 08\u201310 September 2025<\/td>\n<\/tr>\n<tr>\n<td>Double Major \u2013 Minor Result Announcement Date 12 September 2025<\/td>\n<\/tr>\n<tr>\n<td>Course Registration via Automation System (Fall Semester) 22\u201326 September 2025<\/td>\n<\/tr>\n<tr>\n<td>Fall Semester Start of Courses (14 Weeks) 29 September 2025<\/td>\n<\/tr>\n<tr>\n<td>Add\u2013Drop Period for Fall Semester 29 September \u2013 03 October 2025<\/td>\n<\/tr>\n<tr>\n<td>Deadline for Course Withdrawal (Fall Semester) 14 November 2025<\/td>\n<\/tr>\n<tr>\n<td>Deadline for Leave of Absence \/ Freezing Registration (Fall Semester) 14 November 2025<\/td>\n<\/tr>\n<tr>\n<td>End of Fall Semester Courses 02 January 2026<\/td>\n<\/tr>\n<tr>\n<td>Announcement of Students Who Failed Due to Absenteeism in OIS 02 January 2026<\/td>\n<\/tr>\n<tr>\n<td>Final Exams 05\u201316 January 2026<\/td>\n<\/tr>\n<tr>\n<td>Spring Semester Transfer Application Date 05\u201316 January 2026<\/td>\n<\/tr>\n<tr>\n<td>Spring Semester Transfer Evaluation Date 19\u201323 January 2026<\/td>\n<\/tr>\n<tr>\n<td>Spring Semester Transfer Result Announcement Date 28 January 2026<\/td>\n<\/tr>\n<tr>\n<td>Spring Semester Transfer Final Registration Date 29 January \u2013 04 February 2026<\/td>\n<\/tr>\n<tr>\n<td>Mid-Term Break 19\u201330 January 2026<\/td>\n<\/tr>\n<tr>\n<td>Deadline for Entering Fall Semester Final Results into OIS 21 January 2026<\/td>\n<\/tr>\n<tr>\n<td>Fall Semester Make-up Exams 19\u201330 January 2026<\/td>\n<\/tr>\n<tr>\n<td>Deadline for Entering Make-up Exam Results into OIS 04 February 2026<\/td>\n<\/tr>\n<tr>\n<td>Spring Semester Course Registration via Automation System 02\u201306 February 2026<\/td>\n<\/tr>\n<tr>\n<td>Spring Semester Start of Courses 09 February 2026<\/td>\n<\/tr>\n<tr>\n<td>Add\u2013Drop Period for Spring Semester 09\u201313 February 2026<\/td>\n<\/tr>\n<tr>\n<td>Deadline for Course Withdrawal (Spring Semester) 27 March 2026<\/td>\n<\/tr>\n<tr>\n<td>Deadline for Leave of Absence \/ Freezing Registration (Spring Semester) 27 March 2026<\/td>\n<\/tr>\n<tr>\n<td>End of Spring Semester Courses 22 May 2026<\/td>\n<\/tr>\n<tr>\n<td>Final Exams 01\u201312 June 2026<\/td>\n<\/tr>\n<tr>\n<td>Make-up Exams 15\u201326 June 2026<\/td>\n<\/tr>\n<tr>\n<td>Summer School 13 July \u2013 28 August 2026<\/td>\n<\/tr>\n<tr>\n<td>Final Exams (Summer School) 31 August \u2013 04 September 2026<\/td>\n<\/tr>\n<tr class=\"pru-subtitle\">\n<td>OFFICIAL HOLIDAYS<\/td>\n<\/tr>\n<tr>\n<td>Republic Day Eve \u2013 28 October 2025<\/td>\n<\/tr>\n<tr>\n<td>Republic Day \u2013 29 October 2025<\/td>\n<\/tr>\n<tr>\n<td>New Year\u2019s Day \u2013 01 January 2026<\/td>\n<\/tr>\n<tr>\n<td>Ramadan Feast \u2013 20\u201322 March 2026<\/td>\n<\/tr>\n<tr>\n<td>National Sovereignty and Children\u2019s Day \u2013 23 April 2026<\/td>\n<\/tr>\n<tr>\n<td>Labour and Solidarity Day \u2013 01 May 2026<\/td>\n<\/tr>\n<tr>\n<td>Commemoration of Atat\u00fcrk, Youth and Sports Day \u2013 19 May 2026<\/td>\n<\/tr>\n<tr>\n<td>Eid al-Adha \u2013 27\u201330 May 2026<\/td>\n<\/tr>\n<tr>\n<td>Democracy and National Unity Day \u2013 15 July 2026<\/td>\n<\/tr>\n<tr>\n<td>Victory Day \u2013 30 August 2026<\/td>\n<\/tr>\n<tr>\n<td>1. Changes may be made if necessary by Senate decision.<\/td>\n<\/tr>\n<tr>\n<td>2. Classes\/exams may also be held on Saturdays and Sundays.<\/td>\n<\/tr>\n<tr>\n<td>3. Since course registrations are made online at the beginning of each semester, tuition fees must be paid before the registration date. Students who do not renew their registration and do not register for courses are deemed to have lost their right to attend classes for that semester.<\/td>\n<\/tr>\n<\/tbody>\n<\/table>\n<\/figure>\n","protected":false},"excerpt":{"rendered":"<p>P\u0130R\u0130 RE\u0130S UNIVERSITY 2024-2025 ACADEMIC YEAR ACADEMIC CALENDAR FOR ASSOCIATE AND UNDERGRADUATE EDUCATION Foreign Student Application \u2013 Evaluation \u2013 Final Registration Date 24 February \u2013 30 September 2025 Fall Semester Transfer Application Date 04\u201315 August 2025 Fall Semester Transfer Evaluation Date 18\u201322 August 2025 Fall Semester Transfer Result Announcement Date 25 August 2025 Fall Semester [&hellip;]<\/p>\n","protected":false},"author":1,"featured_media":0,"parent":431,"menu_order":0,"comment_status":"closed","ping_status":"closed","template":"page-text2.php","meta":{"_acf_changed":false,"footnotes":""},"class_list":["post-435","page","type-page","status-publish","hentry"],"acf":[],"_links":{"self":[{"href":"https:\/\/pirireis.edu.tr\/en\/wp-json\/wp\/v2\/pages\/435","targetHints":{"allow":["GET"]}}],"collection":[{"href":"https:\/\/pirireis.edu.tr\/en\/wp-json\/wp\/v2\/pages"}],"about":[{"href":"https:\/\/pirireis.edu.tr\/en\/wp-json\/wp\/v2\/types\/page"}],"author":[{"embeddable":true,"href":"https:\/\/pirireis.edu.tr\/en\/wp-json\/wp\/v2\/users\/1"}],"replies":[{"embeddable":true,"href":"https:\/\/pirireis.edu.tr\/en\/wp-json\/wp\/v2\/comments?post=435"}],"version-history":[{"count":20,"href":"https:\/\/pirireis.edu.tr\/en\/wp-json\/wp\/v2\/pages\/435\/revisions"}],"predecessor-version":[{"id":2592,"href":"https:\/\/pirireis.edu.tr\/en\/wp-json\/wp\/v2\/pages\/435\/revisions\/2592"}],"up":[{"embeddable":true,"href":"https:\/\/pirireis.edu.tr\/en\/wp-json\/wp\/v2\/pages\/431"}],"wp:attachment":[{"href":"https:\/\/pirireis.edu.tr\/en\/wp-json\/wp\/v2\/media?parent=435"}],"curies":[{"name":"wp","href":"https:\/\/api.w.org\/{rel}","templated":true}]}}