{"id":413,"date":"2024-10-30T01:03:04","date_gmt":"2024-10-30T01:03:04","guid":{"rendered":"https:\/\/dev1.pirireis.edu.tr\/en\/?page_id=413"},"modified":"2026-01-06T08:41:17","modified_gmt":"2026-01-06T08:41:17","slug":"senate","status":"publish","type":"page","link":"https:\/\/pirireis.edu.tr\/en\/about-us\/senate\/","title":{"rendered":"Senate"},"content":{"rendered":"<h2>Senate Members<\/h2>\n<div style=\"overflow-x: auto; margin-top: 20px;\">\n<table style=\"width: 100%;\">\n<tbody>\n<tr>\n<td width=\"406\"><strong>Mission<\/strong><\/td>\n<td width=\"349\"><strong>Name Surname<\/strong><\/td>\n<\/tr>\n<tr>\n<td width=\"406\">Rector (President)<\/td>\n<td width=\"349\">Prof. Dr. Nafiz ARICA<\/td>\n<\/tr>\n<tr>\n<td width=\"406\">Vice Rector V.<\/td>\n<td width=\"349\">Prof. Dr. Hatice Funda YERCAN<\/td>\n<\/tr>\n<tr>\n<td width=\"406\">Vice Rector V.<\/td>\n<td width=\"349\">Prof. Dr. Mehmet Ziya S\u00d6\u011e\u00dcT<\/td>\n<\/tr>\n<tr>\n<td width=\"406\">Dean of the Faculty of Arts and Sciences<\/td>\n<td width=\"349\">Prof. Dr. Nafiz ARICA<\/td>\n<\/tr>\n<tr>\n<td width=\"406\">Dean of Maritime Faculty<\/td>\n<td width=\"349\">Prof. Dr. C\u00fcneyt EZG\u0130<\/td>\n<\/tr>\n<tr>\n<td width=\"406\">Dean of the Faculty of Economics and Administrative Sciences<\/td>\n<td width=\"349\">Prof. Dr. Aykut ARSLAN<\/td>\n<\/tr>\n<tr>\n<td width=\"406\">Dean of the Faculty of Engineering<\/td>\n<td width=\"349\">Prof. Dr. \u0130smail Hakk\u0131 HELVACIO\u011eLU<\/td>\n<\/tr>\n<tr>\n<td width=\"406\">Dean of the Faculty of Law<\/td>\n<td width=\"349\">Prof. Dr. Bahar Ceyda S\u00dcRAL EFE\u00c7INAR (Acting)<\/td>\n<\/tr>\n<tr>\n<td width=\"406\">Representative of the Faculty of Economics and Administrative Sciences<\/td>\n<td width=\"349\">Prof. Dr. Sahibe Meral \u00c7AKICI<\/td>\n<\/tr>\n<tr>\n<td width=\"406\">Representative of the Faculty of Arts and Sciences<\/td>\n<td width=\"349\">Do\u00e7. Dr. Orhan \u00d6zg\u00fcr AYBAR<\/td>\n<\/tr>\n<tr>\n<td width=\"406\">Faculty of Engineering Representative<\/td>\n<td width=\"349\">Prof. Dr. Selim S\u0130VR\u0130O\u011eLU<\/td>\n<\/tr>\n<tr>\n<td width=\"406\">Faculty of Law Representative<\/td>\n<td width=\"349\">Prof. Dr. Bahar Ceyda S\u00dcRAL EFE\u00c7INAR<\/td>\n<\/tr>\n<tr>\n<td width=\"406\">Representative of Maritime Faculty<\/td>\n<td width=\"349\">Prof. Dr. Hatice Funda YERCAN<\/td>\n<\/tr>\n<tr>\n<td width=\"406\">Director of the Institute of Graduate Studies<\/td>\n<td width=\"349\">Do\u00e7. Dr. Orhan \u00d6zg\u00fcr AYBAR<\/td>\n<\/tr>\n<tr>\n<td width=\"406\">Director of Maritime Vocational School<\/td>\n<td width=\"349\">Dr. \u00d6\u011fr. G\u00f6r. Zeki YA\u015eAR<\/td>\n<\/tr>\n<tr>\n<td width=\"406\">Secretary General \/ Rapporteur<\/td>\n<td width=\"349\">Emre DEM\u0130ROK<\/td>\n<\/tr>\n<\/tbody>\n<\/table>\n<p>&nbsp;<\/p>\n<h2>Senate &#8211; Audience Participants<\/h2>\n<table style=\"width: 100%; margin-top: 20px;\">\n<tbody>\n<tr>\n<td width=\"406\"><strong>Mission<\/strong><\/td>\n<td width=\"349\"><strong>Name Surname<\/strong><\/td>\n<\/tr>\n<tr>\n<td width=\"406\">Dean of Students<\/td>\n<td width=\"349\">Assistant Professor Baran HANA\u011eASI<\/td>\n<\/tr>\n<tr>\n<td width=\"406\">Student Representative<\/td>\n<td width=\"349\">Bar\u0131\u015f Esev<\/td>\n<\/tr>\n<\/tbody>\n<\/table>\n<\/div>\n<style>td {border: 1px solid black; padding: 10px;}<\/style>\n","protected":false},"excerpt":{"rendered":"<p>Senate Members Mission Name Surname Rector (President) Prof. Dr. Nafiz ARICA Vice Rector V. Prof. Dr. Hatice Funda YERCAN Vice Rector V. Prof. Dr. Mehmet Ziya S\u00d6\u011e\u00dcT Dean of the Faculty of Arts and Sciences Prof. Dr. Nafiz ARICA Dean of Maritime Faculty Prof. Dr. C\u00fcneyt EZG\u0130 Dean of the Faculty of Economics and Administrative [&hellip;]<\/p>\n","protected":false},"author":1,"featured_media":0,"parent":175,"menu_order":0,"comment_status":"closed","ping_status":"closed","template":"page-text1.php","meta":{"_acf_changed":false,"footnotes":""},"class_list":["post-413","page","type-page","status-publish","hentry"],"acf":[],"_links":{"self":[{"href":"https:\/\/pirireis.edu.tr\/en\/wp-json\/wp\/v2\/pages\/413","targetHints":{"allow":["GET"]}}],"collection":[{"href":"https:\/\/pirireis.edu.tr\/en\/wp-json\/wp\/v2\/pages"}],"about":[{"href":"https:\/\/pirireis.edu.tr\/en\/wp-json\/wp\/v2\/types\/page"}],"author":[{"embeddable":true,"href":"https:\/\/pirireis.edu.tr\/en\/wp-json\/wp\/v2\/users\/1"}],"replies":[{"embeddable":true,"href":"https:\/\/pirireis.edu.tr\/en\/wp-json\/wp\/v2\/comments?post=413"}],"version-history":[{"count":18,"href":"https:\/\/pirireis.edu.tr\/en\/wp-json\/wp\/v2\/pages\/413\/revisions"}],"predecessor-version":[{"id":2460,"href":"https:\/\/pirireis.edu.tr\/en\/wp-json\/wp\/v2\/pages\/413\/revisions\/2460"}],"up":[{"embeddable":true,"href":"https:\/\/pirireis.edu.tr\/en\/wp-json\/wp\/v2\/pages\/175"}],"wp:attachment":[{"href":"https:\/\/pirireis.edu.tr\/en\/wp-json\/wp\/v2\/media?parent=413"}],"curies":[{"name":"wp","href":"https:\/\/api.w.org\/{rel}","templated":true}]}}